{"id":141,"date":"2020-01-01T18:42:26","date_gmt":"2020-01-01T18:42:26","guid":{"rendered":"http:\/\/jcwood.de\/?page_id=141"},"modified":"2020-01-01T20:42:59","modified_gmt":"2020-01-01T20:42:59","slug":"christianity-and-national-identity-in-twentieth-century-europe","status":"publish","type":"page","link":"https:\/\/jcwood.de\/?page_id=141","title":{"rendered":"Christianity and National Identity in Twentieth-Century Europe"},"content":{"rendered":"\n<h4 class=\"has-text-align-center\">OPEN ACCESS<\/h4>\n\n\n\n<div class=\"wp-block-image\"><figure class=\"aligncenter size-large\"><img loading=\"lazy\" width=\"682\" height=\"1024\" src=\"https:\/\/jcwood.de\/wp-content\/uploads\/2020\/01\/Christianity_and_national_identity-682x1024.png\" alt=\"\" class=\"wp-image-150\" srcset=\"https:\/\/jcwood.de\/wp-content\/uploads\/2020\/01\/Christianity_and_national_identity-682x1024.png 682w, https:\/\/jcwood.de\/wp-content\/uploads\/2020\/01\/Christianity_and_national_identity-200x300.png 200w, https:\/\/jcwood.de\/wp-content\/uploads\/2020\/01\/Christianity_and_national_identity-768x1153.png 768w, https:\/\/jcwood.de\/wp-content\/uploads\/2020\/01\/Christianity_and_national_identity.png 932w\" sizes=\"(max-width: 682px) 100vw, 682px\" \/><\/figure><\/div>\n\n\n\n<h3>Description<\/h3>\n\n\n\n<p class=\"has-drop-cap\">This collection explores how Christian individuals and institutions \u2013 whether Churches, church-related organisations, clergy, or lay thinkers \u2013 combined the topics of faith and national identity in twentieth-century Europe. \u201cNational identity\u201d is understood in a broad sense that includes discourses of citizenship, narratives of cultural or linguistic belonging, or attributions of distinct, \u201cnational\u201d characteristics. The collection addresses Catholic, Protestant, and Orthodox perspectives, considers various geographical contexts, and takes into account processes of cross-national exchange and transfer. It shows how national and denominational identities were often mutually constitutive, at times leading to a strongly exclusionary stance against \u201cother\u201d national or religious groups. <br><br>In different circumstances, religiously minded thinkers critiqued nationalism, emphasising the universalist strains of their faith, with varying degrees of success. Moreover, throughout the century, and especially since 1945, both church officials and lay Christians have had to come to terms with the relationship between their national and \u201cEuropean\u201d identities and have sought to position themselves within the processes of Europeanisation. Various contexts for the negotiation of faith and nation are addressed: media debates, domestic and international political arenas, inner-denominational and ecumenical movements, church organisations, cosmopolitan intellectual networks and the ideas of individual thinkers. <\/p>\n\n\n\n<h3>Reviews and comments<\/h3>\n\n\n\n<blockquote class=\"wp-block-quote has-text-align-center\"><p>Eine eindeutige Antwort auf die Frage nach dem Zusammenhang von Nation und Religion kann der Leser des Bandes \u2013 verst\u00e4ndlicherweise \u2013 nicht erwarten. Eher zeigt sich, dass Religion ebenso wie ihr gradueller Bedeutungsverlust im 20. Jahrhundert als Ressource in den Debatten um die nationale \u201eIdentit\u00e4t\u201c zu immer wieder neuen Kombinationen und zum Teil \u00fcberraschenden Mischungsverh\u00e4ltnissen f\u00fchrte, in jedem Fall aber einen zentralen Bezugspunkt im Diskurs darstellte, ja sehr oft auch im 20. Jahrhundert eine entscheidende Komponente zur Legitimation von Nationenkonzepten war.<\/p><cite>Peter Itzen, <a href=\"https:\/\/www.hsozkult.de\/publicationreview\/id\/reb-25082\">H-Soz-u-Kult<\/a>, 21.02.2017<\/cite><\/blockquote>\n\n\n\n<blockquote class=\"wp-block-quote has-text-align-center\"><p>I recommend this stimulating volume, which is worth reading, as it gives the reader an insight into very different case studies and provides incentives for further research about the relationship of religion and nations in the twentieth century. It shows that religion still acts as an important resource in politics, even though the types of intertwining, mutual references and influences on national identities differed greatly between the diverse historical contexts, times, nations, and denominations.<\/p><cite>Sarah Tieme, <a href=\"https:\/\/contemporarychurchhistory.org\/2017\/06\/review-of-john-carter-wood-ed-christianity-and-national-identity-in-twentieth-century-europe-conflict-community-and-the-social-order\/\"><em>Contemporary Church History<\/em><\/a>, 23.1\/2 (June 2017)<\/cite><\/blockquote>\n\n\n\n<blockquote class=\"wp-block-quote has-text-align-center\"><p>The only overall conclusion to be drawn from these essays is that no overall conclusion about the relationship between Christianity and national identity is possible.<\/p><cite>Hugh McLeod,<a href=\"https:\/\/www.cambridge.org\/core\/journals\/journal-of-ecclesiastical-history\/volume\/9CE2621347B64BB964DBF427F86F7E98\"> <em>Journal of Ecclesiastical History<\/em><\/a>, 69.3 (July 2018) <\/cite><\/blockquote>\n","protected":false},"excerpt":{"rendered":"<p>OPEN ACCESS Description This collection explores how Christian individuals and<span class=\"more-button\"><a href=\"https:\/\/jcwood.de\/?page_id=141\" class=\"more-link\">Continue reading<span class=\"screen-reader-text\">Christianity and National Identity in Twentieth-Century Europe<\/span><\/a><\/span><\/p>\n","protected":false},"author":1,"featured_media":0,"parent":0,"menu_order":0,"comment_status":"closed","ping_status":"closed","template":"","meta":[],"_links":{"self":[{"href":"https:\/\/jcwood.de\/index.php?rest_route=\/wp\/v2\/pages\/141"}],"collection":[{"href":"https:\/\/jcwood.de\/index.php?rest_route=\/wp\/v2\/pages"}],"about":[{"href":"https:\/\/jcwood.de\/index.php?rest_route=\/wp\/v2\/types\/page"}],"author":[{"embeddable":true,"href":"https:\/\/jcwood.de\/index.php?rest_route=\/wp\/v2\/users\/1"}],"replies":[{"embeddable":true,"href":"https:\/\/jcwood.de\/index.php?rest_route=%2Fwp%2Fv2%2Fcomments&post=141"}],"version-history":[{"count":4,"href":"https:\/\/jcwood.de\/index.php?rest_route=\/wp\/v2\/pages\/141\/revisions"}],"predecessor-version":[{"id":152,"href":"https:\/\/jcwood.de\/index.php?rest_route=\/wp\/v2\/pages\/141\/revisions\/152"}],"wp:attachment":[{"href":"https:\/\/jcwood.de\/index.php?rest_route=%2Fwp%2Fv2%2Fmedia&parent=141"}],"curies":[{"name":"wp","href":"https:\/\/api.w.org\/{rel}","templated":true}]}}