{"id":167,"date":"2020-01-02T09:44:08","date_gmt":"2020-01-02T09:44:08","guid":{"rendered":"http:\/\/jcwood.de\/?page_id=167"},"modified":"2023-09-11T07:35:06","modified_gmt":"2023-09-11T07:35:06","slug":"datenschutz","status":"publish","type":"page","link":"https:\/\/jcwood.de\/?page_id=167","title":{"rendered":"Datenschutzerkl\u00e4rung"},"content":{"rendered":"\n<p>Ich nehme den Schutz Ihrer pers\u00f6nlichen Daten sehr ernst. Ich \nbehandele Ihre personenbezogenen Daten vertraulich und entsprechend der \ngesetzlichen Datenschutzvorschriften sowie dieser Datenschutzerkl\u00e4rung.<\/p>\n\n\n\n<p>Die Nutzung dieser Website ist in der Regel ohne Angabe \npersonenbezogener Daten m\u00f6glich. Soweit auf diesen Seiten \npersonenbezogene Daten (beispielsweise Name, Anschrift oder \nE-Mail-Adressen) erhoben werden, erfolgt dies, soweit m\u00f6glich, stets auf\n freiwilliger Basis. Diese Daten werden ohne Ihre ausdr\u00fcckliche \nZustimmung nicht an Dritte weitergegeben.<\/p>\n\n\n\n<p>Ich weise darauf hin, dass die Daten\u00fcbertragung im Internet (z. B.  bei der Kommunikation per E-Mail) Sicherheitsl\u00fccken aufweisen kann. Ein  l\u00fcckenloser Schutz der Daten vor dem Zugriff durch Dritte ist nicht  m\u00f6glich. <\/p>\n\n\n\n<h3>Datenverarbeitung auf dieser Internetseite<\/h3>\n\n\n\n<p>Der Herausgeber erhebt und speichert automatisch in seinen Server Log\n Files Informationen, die Ihr Browser an ihn \u00fcbermittelt. Dies sind:<\/p>\n\n\n\n<ul><li>Browsertyp\/-version<\/li><li>verwendetes Betriebssystem<\/li><li>Referrer URL (die zuvor besuchte Seite)<\/li><li>Hostname des zugreifenden Rechners (IP-Adresse)<\/li><li>Uhrzeit der Serveranfrage<\/li><\/ul>\n\n\n\n<p>Diese Daten k\u00f6nnen bestimmten Personen nicht zugeordnet werden. Eine \nZusammenf\u00fchrung dieser Daten mit anderen Datenquellen wird nicht \nvorgenommen, die Daten werden zudem nach einer statistischen Auswertung \ngel\u00f6scht.<br>Diese Internetseiten verwenden keine Cookies.<\/p>\n\n\n\n<h3>Sonstige Datenverarbeitung<\/h3>\n\n\n\n<p>Wenn Sie mit mir in Kontakt treten, verarbeite ich folgende Daten:<\/p>\n\n\n\n<ul><li>Kontakt- und Bestandsdaten (z. B. Name und E-Mailadresse, Anschrift,  Berufs- oder Positionsbezeichnung, Telefonnummer, sonstige  Kontaktdaten)<\/li><li>Metadaten (z. B. IP-Adressen)<\/li><\/ul>\n\n\n\n<p>zu folgenden Zwecken:<\/p>\n\n\n\n<ul><li>Anfragenbearbeitung&nbsp;<\/li><\/ul>\n\n\n\n<h3>Was bedeutet Verarbeitung?<\/h3>\n\n\n\n<p>Jeder Umgang mit Daten \u2013 etwa die Erhebung (Erfassung), Speicherung, \u00c4nderung, L\u00f6schung von personenbezogenen Daten.<\/p>\n\n\n\n<p>Rechtsgrundlagen f\u00fcr die Datenverarbeitung:<\/p>\n\n\n\n<ul><li>Art. 6 Abs. 1 lit a sowie Art. 7 DSGVO&nbsp;<\/li><li>Art. 6 Abs. 1 lit b, c, f DSGVO<\/li><\/ul>\n\n\n\n<h3>Einwilligung<\/h3>\n\n\n\n<p>Sofern keine gesetzliche Grundlage f\u00fcr eine Verarbeitung \npersonenbezogener Daten besteht, verarbeite ich Ihre personenbezogenen \nDaten nur, wenn Sie dazu Ihre vorherige Zustimmung geben. Diese \nZustimmung k\u00f6nnen Sie jederzeit widerrufen.<\/p>\n\n\n\n<h3>\u00dcbermittlungen an Dritte<\/h3>\n\n\n\n<p>Sofern ich im Rahmen einer Datenverarbeitung Daten an Dritte  offenlege, geschieht dies nur zwecks Wahrung meiner  berechtigten Interessen (z. B. Webhostern) auf Grundlage von Art. 6 Abs.  1 lit f oder an Dritte nach Einholung Ihrer Einwilligung gem\u00e4\u00df Art. 6  Abs. 1 lit. a DSGVO.<\/p>\n\n\n\n<h3>\u00dcbermittlungen in Drittl\u00e4nder<\/h3>\n\n\n\n<p>Sofern ich Daten in einem Drittland verarbeiten lasse, geschieht dies\n nur zu durch einen Kooperationspartner, der sich in besagtem Drittland \naufh\u00e4lt, zur Erf\u00fcllung meiner vertraglichen Pflichten gem\u00e4\u00df Art. 6 Abs. 1\n lit b DSGVO sowie entsprechend der Bestimmungen des Art. 44 DSGVO.<\/p>\n\n\n\n<h3>Recht auf Auskunft, L\u00f6schung, Sperrung<\/h3>\n\n\n\n<p>Sie haben jederzeit das Recht auf unentgeltliche Auskunft \u00fcber Ihre \ngespeicherten personenbezogenen Daten, deren Herkunft und Empf\u00e4nger und \nden Zweck der Datenverarbeitung sowie ein Recht auf Berichtigung und \nSperrung Ihrer Daten. Zudem haben Sie einen Anspruch auf L\u00f6schung Ihrer \nDaten und auf Einschr\u00e4nkung der Verarbeitung Ihrer personenbezogene \nDaten, es sei denn, dass ich aufgrund von Rechtsvorschriften, \nvertraglichen Vereinbarungen oder Gew\u00e4hrleistungspflichten zur \nSpeicherung bzw. Verarbeitung dieser Daten verpflichtet bin. Sprechen \nSie mich bitte an.<\/p>\n\n\n\n<p>Der Verantwortliche&nbsp;im Sinne der Datenschutz-Grundverordnung ist:<\/p>\n\n\n\n<p>John Wood (wood@ieg-mainz.de)<\/p>\n\n\n\n<h3>Recht auf Beschwerde bei einer Aufsichtsbeh\u00f6rde<\/h3>\n\n\n\n<p>Sie haben das Recht, sich bei einer Aufsichtsbeh\u00f6rde zu beschweren.<\/p>\n\n\n\n<h2 id=\"mce_53\"><strong>Impressum<\/strong><\/h2>\n\n\n\n<p>Inhaltlich verantwortlich gem\u00e4\u00df \u00a7 5 TMG:<\/p>\n\n\n\n<p>John Wood (wood@ieg-mainz.de)<\/p>\n","protected":false},"excerpt":{"rendered":"<p>Ich nehme den Schutz Ihrer pers\u00f6nlichen Daten sehr ernst. Ich<span class=\"more-button\"><a href=\"https:\/\/jcwood.de\/?page_id=167\" class=\"more-link\">Continue reading<span class=\"screen-reader-text\">Datenschutzerkl\u00e4rung<\/span><\/a><\/span><\/p>\n","protected":false},"author":1,"featured_media":0,"parent":0,"menu_order":0,"comment_status":"closed","ping_status":"closed","template":"","meta":[],"_links":{"self":[{"href":"https:\/\/jcwood.de\/index.php?rest_route=\/wp\/v2\/pages\/167"}],"collection":[{"href":"https:\/\/jcwood.de\/index.php?rest_route=\/wp\/v2\/pages"}],"about":[{"href":"https:\/\/jcwood.de\/index.php?rest_route=\/wp\/v2\/types\/page"}],"author":[{"embeddable":true,"href":"https:\/\/jcwood.de\/index.php?rest_route=\/wp\/v2\/users\/1"}],"replies":[{"embeddable":true,"href":"https:\/\/jcwood.de\/index.php?rest_route=%2Fwp%2Fv2%2Fcomments&post=167"}],"version-history":[{"count":3,"href":"https:\/\/jcwood.de\/index.php?rest_route=\/wp\/v2\/pages\/167\/revisions"}],"predecessor-version":[{"id":297,"href":"https:\/\/jcwood.de\/index.php?rest_route=\/wp\/v2\/pages\/167\/revisions\/297"}],"wp:attachment":[{"href":"https:\/\/jcwood.de\/index.php?rest_route=%2Fwp%2Fv2%2Fmedia&parent=167"}],"curies":[{"name":"wp","href":"https:\/\/api.w.org\/{rel}","templated":true}]}}