{"id":64,"date":"2020-01-01T13:10:12","date_gmt":"2020-01-01T13:10:12","guid":{"rendered":"http:\/\/jcwood.de\/?page_id=64"},"modified":"2025-05-16T16:24:59","modified_gmt":"2025-05-16T16:24:59","slug":"talks-and-presentations","status":"publish","type":"page","link":"https:\/\/jcwood.de\/?page_id=64","title":{"rendered":"Talks and presentations"},"content":{"rendered":"\n<p><em>Workshop, Zusammenleben und Unterscheiden, Leibniz Institute of European History<\/em> (Mainz, Germany): \u201cConviviality, Responsibility, and the Ethics of Technology: Ivan Illich in Context\u201d (planned for summer 2026)<\/p>\n<p>Conference Co-organiser, <em>Leibniz Institute of European Histor<\/em>y (Mainz, Germany): \u201c<a href=\"https:\/\/ieg-dhr.github.io\/techno_optimism\/\">Technological Optimism in 1970s and 1980s Popular Culture: Innovation, Creativity, Prosperity, and Freedom<\/a>\u201d (planned for mid-April 2026)<\/p>\n<p><em>European Social Science History Conference <\/em>(Leiden, The Netherlands): \u201cThe Reception of Secular Social Thought among Ecumenical Christians in mid-20th Century Britain\u201d (26 March 2025)<\/p>\n<p>(<u>INVITED LECTURER<\/u>) <em>University of Lausanne, Switzerland, course \u201c<\/em><em>Computing in Context\u201d<\/em>: Presentation as guest lecturer, \u201cChristian views of technology in the early post-war period\u201d (28 November 2024)<\/p>\n<p>(<u>INVITED LECTURER<\/u>) <em>University of Lausanne, Switzerland, course \u201c<\/em><em>Histoire de l\u2019informatique\u201d<\/em>: Presentation as guest lecturer, \u201cTechnological optimism in the 1970s and 1980s\u201d (28 November 2024)<\/p>\n<p>Series <em>Reden wir \u00fcber Europa! <\/em><em>Leibniz Institute of European History <\/em>(Mainz, Germany):<em>\u00a0<\/em>Discussion planning and moderator: \u201cUSA und Europa: Eine Beziehung vor der Wahl\u201d<em>\u00a0<\/em>(23.10.2024)<\/p>\n<p><em>Forschungsdatenmanagement(FDM)-Thementage <\/em>(Hochschule Mainz, Germany): Presentation about the consortium NFDI4Memory (8 March 2024)<\/p>\n<p>European Social Science History Conference (Gothenburg, Sweden): &#8220;Making the Word New (again): the Bible for Today (1941) and &#8216;Modern&#8217; Christianity&#8221; (13 April 2023)<\/p>\n<p>Wissen ordnen und entgrenzen \u2013 vom analogen zum digitalen Europa? (Leibniz Institute of European History, Mainz): Commentary on first day of conference papers (16 March 2022)<\/p>\n<p>Leibniz Institute of European History (Mainz): &#8220;Christianity, Technology and Sacralisation: The World Council of Churches and the Technological Society, 1937-1948&#8221;, <em>Beyond Secularization\u2013 (De)Sacralization in Modern European History | Jenseits der S\u00e4kularisierungstheorie \u2013 (De)sakralisierung in der neuzeitlichen Geschichte Europas<\/em> (25 November 2021, virtual).<\/p>\n<p>Leibniz Institute of European History (Mainz): &#8220;Christianity, Technology and Sacralisation: Christian Intellectuals in Britain and the Challenge of the Technological Society, 1930s\u20131950s&#8221;, <em>Autor:innen-Workshop: Sakralisierung-Disziplin\u00e4re Zug\u00e4nge und empirische Forschungsperspektiven <\/em>(12. Oktober 2021).<\/p>\n<p>European Social Science History Conference (Leiden, The Netherlands) (AS PANEL ORGANISER: \u201cReligion and social change in the twentieth century\u201d): &#8220;Christian Intellectuals in Britain and the Challenge of Technology from the 1930s to the 1950s&#8221; (25 March 2021, virtual)<\/p>\n<p>European Social Science History Conference (Leiden, The Netherlands): Commentator on the &#8220;Religious Change and Secularisation&#8221; panel, <em>European Social Science History Conference <\/em>(26 March 2021, virtual).<\/p>\n<p>Johannes Gutenberg University (Mainz), inaugural lecture (Antrittsvorlesung): &#8220;Der Killer mit dem blauen Auge: Ein deutscher Polizistenm\u00f6rder in London und die britische Justiz der 1950er Jahre&#8221; (7 November 2018)<\/p>\n<p>Johannes Gutenberg University (Mainz), Habilitationskolloquium: &#8220;Rasse und Differenzkonzepte im 17. und 18. Jahrhundert&#8221; (4 July 2018)<\/p>\n<p>University of Siegen, Symposium: Counter\/Narratives of Punishment and Criminal Justice: &#8220;Sympathies and Scandals: (Counter-) Narratives of Criminality and Policing in Inter-war Britain&#8221; (22 June 2018)<\/p>\n<p>European Social Science History Conference (Belfast, Northern Ireland, UK): Invited commentator at a panel session on Patrick Pasture, <em>Imagining European Unity since 1000 AD<\/em>. (7 April 2018)<\/p>\n<p>European Social Science History Conference (Belfast, Northern Ireland, UK) (AS PANEL ORGANISER: &#8220;Christian modernities in Britain and Ireland in the twentieth century&#8221;): &#8220;&#8216;Going part of the way together&#8217;: Christian Intellectuals, Secularity, and the European Crisis, 1937\u20131949&#8221; (4 April 2018)<\/p>\n<p>(INVITED SPEAKER) Justus Liebig University (Gie\u00dfen), International Graduate Centre for the Study of Culture: &#8220;&#8216;Dies ist eure Stunde&#8217;: Ein christlicher Intellektuellenkreis in Gro\u00dfbritannien und die europ\u00e4ischen Krisen der 1930er und 1940er Jahre&#8221; (28 June 2017)<\/p>\n<p>Johannes Gutenberg University (Mainz), Research Colloquium, Neueste Geschichte: &#8220;This Is Your Hour: Christliche Intellektuelle in Gro\u00dfbritannien und die europ\u00e4ischen Krisen der 1930er und 1940er Jahre&#8221; (25 January 2017)<\/p>\n<p>German Historical Institute (London), Research Colloquium: &#8220;Christliche Intellektuelle in Gro\u00dfbritannien und die europ\u00e4ischen Krisen der 1930er und 1940er Jahre\u201d (27 September 2016)<\/p>\n<p>Britain and the World Conference 2016 (London) &#8220;&#8216;The hopes of Europe have descended upon this island&#8217;: War, Religion, and the National \u2018Mission\u2019 in a British Christian Intellectual group, 1937\u20131949&#8221; (23 June 2016)<\/p>\n<p>European Social Science History Conference (Valencia, Spain) (AS PANEL ORGANISER: \u201cComparative Perspectives on Religion and Secularity in the Twentieth Century\u201d): &#8220;Explorations on the \u2018Frontier\u2019: Christian Principles and Secular Knowledge in a British Intellectual Network, 1937\u20131949&#8221; (31 March 2016)<\/p>\n<p>Institute of Historical Research Modern Religious History Seminar (London): &#8220;&#8216;This Is Your Hour&#8217;: Crisis, Cultural Renewal and a Christian Intellectual Circle in Britain, 1937\u20131949&#8221; (10 February 2016)<\/p>\n<p>Leibniz Institute of European History (Mainz, Germany): Workshop: European Christianity and the Challenge of Plurality in the 1960s and 1970s, &#8220;A Prologue to Plurality? Secularity, Pluralism, Freedom and a Christian Intellectual Circle in 1940s Britain&#8221; (5 October 2015)<\/p>\n<p>Leibniz Institute of European History (Mainz, Germany) Commentary on lecture by Prof. Till van Rahden, &#8220;Minority and Majority as Asymmetrical Concepts: The Perils of Democratic Equality and Fantasies of National Purity&#8221; (7 July 2015)<\/p>\n<p>(INVITED DISCUSSANT) KADOC (KU Leuven, Belgium) Reassessing a Thought System: A Workshop on Twentieth Century Neothomism (29\u201330 June 2015)<\/p>\n<p>KADOC Seminar Series (KU Leuven, Belgium): &#8220;&#8216;So the darkness shall be the light&#8217;: A Christian Intellectual Network in Britain and the European Crises of the 1930s and 1940s&#8221; (23 April 2015)<\/p>\n<p>(INVITED DISCUSSANT) The British Press in the Second World War: A Symposium (London) (8 July 2014)<\/p>\n<p>European Social Science History Conference (Vienna, Austria) (AS PANEL ORGANISER: &#8220;Christianity and national identity in twentieth-century Europe&#8221;): &#8220;&#8216;The rock of human sanity stands in the sea where it always stood&#8217;: Britishness, Christianity and the experience of defeat, 1939\u20131941&#8221; (24 April 2014)<\/p>\n<p>European Social Science History Conference (Vienna, Austria) Session discussant: &#8220;Crossing the Line: European Police Culture across Ranks&#8221; (23 April 2014)<\/p>\n<p>Film series: Propaganda, Pazifismus, Kosmopolitismus: Die Welten des Ersten Weltkriegs im Film (Leibniz Institute of European History, Mainz, Germany): Introductory talk on Charlie Chaplin&#8217;s Shoulder Arms\/Gewehr \u00dcber (30 October 2013)<\/p>\n<p>Workshop: Kulturelle Souver\u00e4nit\u00e4t: Ann\u00e4herung an ein Forschungskonzept (Leibniz Institute of European History, Mainz, Germany), &#8220;&#8216;A fundamental re-orientation of outlook&#8217;: Christliche Ordnungskonzepte und &#8216;kulturelle Souver\u00e4nit\u00e4t&#8217; in Gro\u00dfbritannien, 1937-1949&#8221; (18 October 2013)<\/p>\n<p>Forschungskolloquium Neuere\/Neueste Geschichte (Lehrstuhl f\u00fcr Neuere und Neueste Geschichte, Georg-August-Universit\u00e4t, G\u00f6ttingen, Germany) &#8220;&#8216;This is your hour, and the power of darkness&#8217;: Christliche Intellektuelle in Gro\u00dfbritannien und die Krisen der 1930er und 1940er Jahre&#8221; (18 June 2013)<\/p>\n<p>Our Criminal Past: Caring for the Future: First Network Seminar (London, UK) Session commentator, &#8220;Historians of Crime and Social Media&#8221; (17 May 2013)<\/p>\n<p>Forest of Dean Local History Society (Bream, Gloucestershire, UK): &#8220;The Trials of Beatrice Pace&#8221; (9 March 2013)<\/p>\n<p>British Crime Historians Symposium (The Open University, Milton Keynes, UK): &#8220;&#8216;Unimaginable Agonies and Degradations and Cruelties&#8217;: Criminal Justice and the &#8216;Martyrdom&#8217; of Beatrice Pace, 1928&#8221; (6\u20137 September 2012)<\/p>\n<p>International Association for Media and History Conference: Perception, Reception: The History of the Media in Society (Aberystwyth, Wales): &#8220;Christian Intellectuals and the Mass Media in 1930s and 1940s Britain&#8221; (4\u20136 July 2012)<\/p>\n<p>Zwischen Verehrung und Verachtung? Der Transfer der Kulturmorphologie Oswald Spenglers ins Europa der Zwischenkriegszeit (1919\u20131939) (&#8220;Between Reverence and Contempt: The Reception of Oswald Spengler\u2019s Morphology of Cultures in Inter-war Europe&#8221;) (Leibniz Institute of European History, Mainz, Germany): &#8220;&#8216;German Foolishness&#8217; and the &#8216;Prophet of Doom&#8217;: Oswald Spengler and the Inter-war British Press&#8221; (20\u201321 June 2012)<\/p>\n<p>European Social Science History Conference (Glasgow, UK) (AS PANEL ORGANISER: &#8220;Crime Stories: Justice, Criminality, Policing and the Inter-War Press&#8221;): &#8220;The Constables and the &#8216;Garage Girl&#8217;: The Inter-war Press, the Metropolitan Police and the Case of Helene Adele&#8221; (11\u201314 April 2012)<\/p>\n<p>Religion und Kapitalismus\/Religion and Capitalism (Societ\u00e0, Forum f\u00fcr Ethik, Kunst und Recht, Vienna, Austria): &#8220;Zwischen Mammon und Marx: Christliche Kapitalismuskritik in Gro\u00dfbritannien 1930-39&#8221; (&#8220;Between Mammon and Marx: Christian Critiques of Capitalism in Britain 1930\u201339&#8221;) (18 November 2011)<\/p>\n<p>West-\u00d6stlicher Ideentransfer. Ordnungsentw\u00fcrfe transnationaler Querdenker f\u00fcr Europa in der ersten H\u00e4lfte des 20. Jahrhunderts (Institute of European History, Mainz, Germany): &#8220;&#8216;Planning for Freedom&#8217;: Karl Mannheim, Joseph Oldham und &#8216;The Moot'&#8221; (16 November 2011)<\/p>\n<p>Making Sense of Violence? Interdisciplinary Approaches to Violence Past and Present (University of Bern, Switzerland): &#8220;A part of us or apart from us? The cultural, social and psychological sense of violence&#8221; (9 September 2011)<\/p>\n<p>Research colloquium (Forschungskolloquiuim), Institute of European History (Mainz, Germany): &#8220;Kriminalit\u00e4tsgeschichte als Kulturgeschichte&#8221; (&#8220;Crime History as Cultural History&#8221;) (12 April 2011)<\/p>\n<p>Crime and Punishment in Modern Europe, 1870-1990 (German Historical Institute, Washington DC, USA): &#8220;&#8216;Heroic Doses of Being Left Alone&#8217;: Criminal Justice, the Press and Civil Liberties in Inter-war Britain&#8221; (11 March 2011)<\/p>\n<p>Social Science History Association Conference (Chicago, USA): Commentary on <em>American Homicide<\/em>, by Randolph Roth (20 November 2010)<\/p>\n<p>Social Science History Association Conference (Chicago, USA): &#8220;Police Powers and Parliamentary Politics in Late 1920s Britain&#8221; (18 November 2010)<\/p>\n<p>Drink in the Eighteenth and Nineteenth Centuries: Consumers, Cross-Currents, Conviviality (Conference: University of Bonn): &#8220;Drinking, Fighting and Working-Class Sociability in Nineteenth-Century England&#8221; (5 November 2010)<\/p>\n<p>XXI. Polizeihistorisches Kolloquium (University of Cologne, Germany) &#8220;Police Powers and their Limits in 1920s Britain&#8221; (16 July 2010)<\/p>\n<p>Ethnicity, Crime and Justice; Contemporary and Historical Perspectives (The Open University, Milton Keynes, UK) &#8220;Prejudice and Practice: The Experience of Black Offenders and Victims in the Eighteenth and Early Nineteenth Centuries&#8221; (8 June 2010)<\/p>\n<p>European Social Science History Conference (Ghent, Belgium) &#8220;Change of Perspective: Integrating Evolutionary Psychology into the Historiography of Violence&#8221; (13\u201316 April 2010)<\/p>\n<p>(AS CONFERENCE ORGANISER) Policing, Media and Civil Liberties in Inter-war Britain (The Open University, Milton Keynes, UK) &#8220;The &#8216;Third Degree&#8217;: The Cultural History of an American Phrase in Britain, 1900\u20131939&#8221; (26 February 2010)<\/p>\n<p>Reading British Spaces: Annual Conference of the German Association for the Study of British Culture (University of Paderborn, Germany) &#8220;Reading Spaces and Reading Violence in Nineteenth-Century Britain&#8221; (19\u201321 November 2009)<\/p>\n<p>Social Fears and Moral Panics (University of Aberystwyth, UK) &#8220;The Press, the &#8216;Third Degree&#8217; and Police Powers in Late-1920s Britain&#8221; (8\u201311 July 2009)<\/p>\n<p>Violence in Public Places (University of Central Lancashire, Preston, UK) &#8220;And never the twain shall meet? Evolutionary Psychology and the History of Violence&#8221; (25\u201327 June 2009)<\/p>\n<p>Justice and Public Space(s) in the Western World, from Antiquity to the Present (Centre interuniversitaire d\u2019\u00e9tudes qu\u00e9b\u00e9coises, Montreal, Canada) &#8220;Police Powers and Public Opinion in Late-1920s Britain&#8221; (8 May 2009)<\/p>\n<p>Women and Crime in Britain and North America since 1500 (University Lyon 2 and University Lyon 3, France) &#8220;Police Powers and the Celebrity Female Victim in Mid-Interwar Britain&#8221; (11\u201313 September 2008)<\/p>\n<p>(AS INVITED PLENARY SPEAKER) Symposium on New Directions in the History of Crime (Leeds Metropolitan University, UK) &#8220;Cultural and Biological Approaches to the History of Violence: An End to Splendid Isolation?&#8221; (4\u20135 September 2008)<\/p>\n<p>&#8220;From Shanghai to Shepperton&#8221;: An International Conference on J. G. Ballard (University of East Anglia, Norwich, UK) &#8220;&#8216;Going mad is their only way of staying sane&#8217;: The Civilised Violence of J. G. Ballard&#8221; (5 May 2007)<\/p>\n<p>Crime, Violence and the Modern State Conference (University of Rethymnon, Crete, Greece) &#8220;Violence and Victimisation in Interwar Britain: The &#8216;Martyrdom&#8217; of Mrs. Pace&#8221; (10 March 2007)<\/p>\n<p>Policing and Violence Between and After Wars seminar (The Open University, Milton Keynes, UK) &#8220;A Study in Interwar Victimisation: Police, Press, Public and the &#8216;Tragic Widow of Coleford'&#8221; (16 February 2007)<\/p>\n<p>&#8220;Assaulting the Past&#8221; &#8211; Placing Violence in Historical Context Conference (Oxford Brookes University, UK) &#8220;Locating Violence: Space and the Construction of Physical Aggression&#8221; (7 July 2005)<\/p>\n<p>Fourth York Cultural History Conference (York, UK) &#8220;Conceptualising Cultures of Violence and Cultural Change&#8221; (April, 2005)<\/p>\n<p>Workshop Gender- und Frauenforschung (Johannes Gutenberg-University, Mainz, Germany) &#8220;What a Man\u2019s Got To Do: Historical Perspectives on Violence, Culture and Masculinity&#8221; (22 January 2005)<\/p>\n<p>Second Transdisciplinary Forum Magdeburg, &#8220;Diskurse der Gewalt &#8211; Gewalt der Diskurse&#8221; (Otto-von-Guericke-University, Magdeburg, Germany) &#8220;The Process of Civilization (and its Discontents): Violence, Discourse and History&#8221; (July 2004)<\/p>\n<p>British Society of Criminology (BSC) Conference (Keele University, UK) &#8220;The Civilising Bargain: Mentality, Protection and Delegated Violence in Britain&#8221; (17 July 2002)<\/p>\n<p>Comparative Histories of Crime Conference (Keele University, UK) &#8220;It\u2019s a Small World After All?: Reflections on Violence in Cross-national Perspectives&#8221; (16 July 2002)<\/p>\n<p>International Conference on the History of Violence (University of Liverpool, UK) &#8220;&#8216;Speakable&#8217; Violence: Narrative, Mentality and Violence in Nineteenth-Century England&#8221; (5 July 2001)<\/p>\n<p>Victorian Studies Reading Group (Johns Hopkins University, Baltimore, MD, USA) &#8220;A Useful Savagery: Violence, Civilization and Middle-Class Identity&#8221; (28 September 2000)<\/p>\n<p>History Workshop Seminar (London, UK) &#8220;Custom, Law, and Violence in Nineteenth-Century England&#8221; (10 January 2000)<\/p>\n<p>Royal Geographic Society-Institute of British Geographers (RGS\u2013IBG) (Brighton, UK) &#8220;&#8216;The Wrongdoing of the Poor Man is as Open as Day&#8217;: Violence and Working-Class Social Space in Nineteenth-Century England&#8221; (6 January 2000)<\/p>\n<p>Group for Early-Modern Cultural Studies (GEMCS) (Coral Gables, FL, USA) &#8220;&#8216;The Brave Old English Custom&#8217;: Dispute, Sport and Ritual Fighting Among Working-Class Men in Nineteenth-Century England&#8221; (9 October 1999)<\/p>\n","protected":false},"excerpt":{"rendered":"<p>Workshop, Zusammenleben und Unterscheiden, Leibniz Institute of European History (Mainz,<span class=\"more-button\"><a href=\"https:\/\/jcwood.de\/?page_id=64\" class=\"more-link\">Continue reading<span class=\"screen-reader-text\">Talks and presentations<\/span><\/a><\/span><\/p>\n","protected":false},"author":1,"featured_media":0,"parent":0,"menu_order":0,"comment_status":"closed","ping_status":"closed","template":"templates\/page-no-sidebar.php","meta":[],"_links":{"self":[{"href":"https:\/\/jcwood.de\/index.php?rest_route=\/wp\/v2\/pages\/64"}],"collection":[{"href":"https:\/\/jcwood.de\/index.php?rest_route=\/wp\/v2\/pages"}],"about":[{"href":"https:\/\/jcwood.de\/index.php?rest_route=\/wp\/v2\/types\/page"}],"author":[{"embeddable":true,"href":"https:\/\/jcwood.de\/index.php?rest_route=\/wp\/v2\/users\/1"}],"replies":[{"embeddable":true,"href":"https:\/\/jcwood.de\/index.php?rest_route=%2Fwp%2Fv2%2Fcomments&post=64"}],"version-history":[{"count":19,"href":"https:\/\/jcwood.de\/index.php?rest_route=\/wp\/v2\/pages\/64\/revisions"}],"predecessor-version":[{"id":327,"href":"https:\/\/jcwood.de\/index.php?rest_route=\/wp\/v2\/pages\/64\/revisions\/327"}],"wp:attachment":[{"href":"https:\/\/jcwood.de\/index.php?rest_route=%2Fwp%2Fv2%2Fmedia&parent=64"}],"curies":[{"name":"wp","href":"https:\/\/api.w.org\/{rel}","templated":true}]}}